{"id":14,"date":"2026-01-20T11:06:59","date_gmt":"2026-01-20T11:06:59","guid":{"rendered":"https:\/\/great-liskov.89-22-114-40.plesk.page\/?page_id=14"},"modified":"2026-03-10T11:17:09","modified_gmt":"2026-03-10T11:17:09","slug":"taetigkeiten","status":"publish","type":"page","link":"https:\/\/great-liskov.89-22-114-40.plesk.page\/index.php\/taetigkeiten\/","title":{"rendered":"T\u00e4tigkeiten"},"content":{"rendered":"<p>[et_pb_section fb_built=&#8220;1&#8243; fullwidth=&#8220;on&#8220; _builder_version=&#8220;4.27.5&#8243; _module_preset=&#8220;default&#8220; global_colors_info=&#8220;{}&#8220;][et_pb_fullwidth_image src=&#8220;https:\/\/great-liskov.89-22-114-40.plesk.page\/wp-content\/uploads\/2026\/01\/hero-bg.jpg&#8220; title_text=&#8220;hero-bg&#8220; _builder_version=&#8220;4.27.5&#8243; _module_preset=&#8220;default&#8220; global_colors_info=&#8220;{}&#8220;][\/et_pb_fullwidth_image][\/et_pb_section][et_pb_section fb_built=&#8220;1&#8243; _builder_version=&#8220;4.27.5&#8243; _module_preset=&#8220;default&#8220; custom_padding=&#8220;6px||0px|||&#8220; global_colors_info=&#8220;{}&#8220;][et_pb_row _builder_version=&#8220;4.27.5&#8243; _module_preset=&#8220;default&#8220; global_colors_info=&#8220;{}&#8220;][et_pb_column type=&#8220;4_4&#8243; _builder_version=&#8220;4.27.5&#8243; _module_preset=&#8220;default&#8220; global_colors_info=&#8220;{}&#8220;][et_pb_text _builder_version=&#8220;4.27.5&#8243; _module_preset=&#8220;default&#8220; text_font=&#8220;Arial|700|||||||&#8220; text_text_color=&#8220;#476a88&#8243; text_font_size=&#8220;52px&#8220; text_letter_spacing=&#8220;2px&#8220; inline_fonts=&#8220;Arial&#8220; global_colors_info=&#8220;{}&#8220;]<\/p>\n<p class=\"h1\" style=\"text-align: center;\"><span style=\"font-family: Arial;\">Beratung &amp; Beurkundung<\/span><\/p>\n<p>[\/et_pb_text][et_pb_text _builder_version=&#8220;4.27.5&#8243; _module_preset=&#8220;default&#8220; text_font=&#8220;Arial|600|||||||&#8220; text_font_size=&#8220;24px&#8220; text_orientation=&#8220;center&#8220; global_colors_info=&#8220;{}&#8220;]<\/p>\n<h2 class=\"h2\">Unsere T\u00e4tigkeiten<\/h2>\n<p>[\/et_pb_text][\/et_pb_column][\/et_pb_row][\/et_pb_section][et_pb_section fb_built=&#8220;1&#8243; _builder_version=&#8220;4.27.5&#8243; _module_preset=&#8220;default&#8220; custom_padding=&#8220;0px|||||&#8220; global_colors_info=&#8220;{}&#8220;][et_pb_row column_structure=&#8220;1_4,1_4,1_4,1_4&#8243; _builder_version=&#8220;4.27.5&#8243; _module_preset=&#8220;default&#8220; global_colors_info=&#8220;{}&#8220;][et_pb_column type=&#8220;1_4&#8243; _builder_version=&#8220;4.27.5&#8243; _module_preset=&#8220;default&#8220; global_colors_info=&#8220;{}&#8220;][et_pb_blurb image=&#8220;https:\/\/great-liskov.89-22-114-40.plesk.page\/wp-content\/uploads\/2026\/01\/immobilien-p-500.jpeg&#8220; image_icon_width=&#8220;100%&#8220; _builder_version=&#8220;4.27.6&#8243; _dynamic_attributes=&#8220;link_option_url&#8220; _module_preset=&#8220;default&#8220; header_font=&#8220;|700|||||||&#8220; body_text_align=&#8220;left&#8220; body_font_size=&#8220;15px&#8220; background_color=&#8220;#f5f5f5&#8243; module_alignment=&#8220;left&#8220; height=&#8220;195px&#8220; custom_margin=&#8220;||||false|false&#8220; custom_padding=&#8220;||||false|false&#8220; link_option_url=&#8220;@ET-DC@eyJkeW5hbWljIjp0cnVlLCJjb250ZW50IjoicG9zdF9saW5rX3VybF9wYWdlIiwic2V0dGluZ3MiOnsicG9zdF9pZCI6IjE0NyJ9fQ==@&#8220; motion_trigger_start=&#8220;top&#8220; global_colors_info=&#8220;{}&#8220;]<\/p>\n<p><strong>\u00a0 \u00a0 \u00a0 \u00a0 Immobilien<\/strong><\/p>\n<p>[\/et_pb_blurb][\/et_pb_column][et_pb_column type=&#8220;1_4&#8243; _builder_version=&#8220;4.27.5&#8243; _module_preset=&#8220;default&#8220; global_colors_info=&#8220;{}&#8220;][et_pb_blurb image=&#8220;https:\/\/great-liskov.89-22-114-40.plesk.page\/wp-content\/uploads\/2026\/01\/erbrecht-p-500.jpeg&#8220; image_icon_width=&#8220;100%&#8220; _builder_version=&#8220;4.27.6&#8243; _dynamic_attributes=&#8220;link_option_url&#8220; _module_preset=&#8220;default&#8220; header_font=&#8220;|700|||||||&#8220; body_text_align=&#8220;left&#8220; body_font_size=&#8220;15px&#8220; background_color=&#8220;#f5f5f5&#8243; module_alignment=&#8220;left&#8220; height=&#8220;195px&#8220; custom_margin=&#8220;||||false|false&#8220; custom_padding=&#8220;||||false|false&#8220; link_option_url=&#8220;@ET-DC@eyJkeW5hbWljIjp0cnVlLCJjb250ZW50IjoicG9zdF9saW5rX3VybF9wYWdlIiwic2V0dGluZ3MiOnsicG9zdF9pZCI6IjE1NyJ9fQ==@&#8220; motion_trigger_start=&#8220;top&#8220; global_colors_info=&#8220;{}&#8220;]<\/p>\n<p><strong>\u00a0 \u00a0 \u00a0 \u00a0 Erbrecht<\/strong><\/p>\n<p>[\/et_pb_blurb][\/et_pb_column][et_pb_column type=&#8220;1_4&#8243; _builder_version=&#8220;4.27.5&#8243; _module_preset=&#8220;default&#8220; global_colors_info=&#8220;{}&#8220;][et_pb_blurb image=&#8220;https:\/\/great-liskov.89-22-114-40.plesk.page\/wp-content\/uploads\/2026\/01\/familienrecht-p-500.jpeg&#8220; image_icon_width=&#8220;100%&#8220; _builder_version=&#8220;4.27.6&#8243; _dynamic_attributes=&#8220;link_option_url&#8220; _module_preset=&#8220;default&#8220; header_font=&#8220;|700|||||||&#8220; body_text_align=&#8220;left&#8220; body_font_size=&#8220;15px&#8220; background_color=&#8220;#f5f5f5&#8243; module_alignment=&#8220;left&#8220; height=&#8220;195px&#8220; custom_margin=&#8220;||||false|false&#8220; custom_padding=&#8220;||||false|false&#8220; link_option_url=&#8220;@ET-DC@eyJkeW5hbWljIjp0cnVlLCJjb250ZW50IjoicG9zdF9saW5rX3VybF9wYWdlIiwic2V0dGluZ3MiOnsicG9zdF9pZCI6IjE2MyJ9fQ==@&#8220; motion_trigger_start=&#8220;top&#8220; global_colors_info=&#8220;{}&#8220;]<\/p>\n<p><strong>\u00a0 \u00a0 \u00a0 \u00a0 Familienrecht<\/strong><\/p>\n<p>[\/et_pb_blurb][\/et_pb_column][et_pb_column type=&#8220;1_4&#8243; _builder_version=&#8220;4.27.5&#8243; _module_preset=&#8220;default&#8220; global_colors_info=&#8220;{}&#8220;][et_pb_blurb image=&#8220;https:\/\/great-liskov.89-22-114-40.plesk.page\/wp-content\/uploads\/2026\/01\/gesellschaftsrecht-p-500.jpeg&#8220; image_icon_width=&#8220;100%&#8220; _builder_version=&#8220;4.27.6&#8243; _dynamic_attributes=&#8220;link_option_url&#8220; _module_preset=&#8220;default&#8220; header_font=&#8220;|700|||||||&#8220; body_text_align=&#8220;left&#8220; body_font_size=&#8220;15px&#8220; background_color=&#8220;#f5f5f5&#8243; module_alignment=&#8220;left&#8220; height=&#8220;195px&#8220; custom_margin=&#8220;||||false|false&#8220; custom_padding=&#8220;||||false|false&#8220; link_option_url=&#8220;@ET-DC@eyJkeW5hbWljIjp0cnVlLCJjb250ZW50IjoicG9zdF9saW5rX3VybF9wYWdlIiwic2V0dGluZ3MiOnsicG9zdF9pZCI6IjE2NiJ9fQ==@&#8220; motion_trigger_start=&#8220;top&#8220; global_colors_info=&#8220;{}&#8220;]<\/p>\n<p><strong>\u00a0 \u00a0 \u00a0 \u00a0 Gesellschaftsrecht<\/strong><\/p>\n<p>[\/et_pb_blurb][\/et_pb_column][\/et_pb_row][\/et_pb_section][et_pb_section fb_built=&#8220;1&#8243; _builder_version=&#8220;4.27.6&#8243; _module_preset=&#8220;default&#8220; background_color=&#8220;#f7f7f7&#8243; custom_padding=&#8220;0px|||||&#8220; global_colors_info=&#8220;{}&#8220;][et_pb_row column_structure=&#8220;3_5,2_5&#8243; _builder_version=&#8220;4.27.6&#8243; _module_preset=&#8220;default&#8220; custom_padding=&#8220;||23px|||&#8220; global_colors_info=&#8220;{}&#8220;][et_pb_column type=&#8220;3_5&#8243; _builder_version=&#8220;4.27.6&#8243; _module_preset=&#8220;default&#8220; global_colors_info=&#8220;{}&#8220;][et_pb_text _builder_version=&#8220;4.27.6&#8243; _module_preset=&#8220;default&#8220; global_colors_info=&#8220;{}&#8220;]<\/p>\n<h2 class=\"h2\">Notarkosten<\/h2>\n<p class=\"text-highlight\">Die Einschaltung eines Notars ist im Regelfall gar nicht so teuer, wie oft bef\u00fcrchtet. Das liegt nicht zuletzt daran, dass Notare neben der Geb\u00fchr f\u00fcr die Beurkundung keine weiteren Kosten f\u00fcr die Beratungst\u00e4tigkeit erheben, und zwar unabh\u00e4ngig davon, wie umfangreich diese im Einzelfall ist.<\/p>\n<p>Auch ansonsten m\u00fcssen Sie, was die Notarkosten betrifft, nicht mit unangenehmen \u00dcberraschungen rechnen. Denn die Geb\u00fchren sind bundeseinheitlich gesetzlich festgelegt. Ein konkretes Berechnungsbeispiel zu den anfallenden Notarkosten beim Kauf einer Eigentumswohnung mit Grundschuldbestellung finden Sie auf den Seiten der<span>\u00a0<\/span><a href=\"https:\/\/www.bnotk.de\/Buergerservice\/Notarkosten\/index.php\" target=\"_blank\" rel=\"noopener\">Bundesnotarkammer<\/a>.<\/p>\n<p>[\/et_pb_text][et_pb_button button_url=&#8220;@ET-DC@eyJkeW5hbWljIjp0cnVlLCJjb250ZW50IjoicG9zdF9saW5rX3VybF9wYWdlIiwic2V0dGluZ3MiOnsicG9zdF9pZCI6IjE2In19@&#8220; button_text=&#8220;Mehr \u00fcber Kosten&#8220; button_alignment=&#8220;left&#8220; _builder_version=&#8220;4.27.6&#8243; _dynamic_attributes=&#8220;button_url&#8220; _module_preset=&#8220;default&#8220; custom_button=&#8220;on&#8220; button_text_size=&#8220;20px&#8220; button_text_color=&#8220;#FFFFFF&#8220; button_bg_color=&#8220;#476a88&#8243; button_border_color=&#8220;RGBA(255,255,255,0)&#8220; button_font=&#8220;Arial||||||||&#8220; button_use_icon=&#8220;off&#8220; hover_enabled=&#8220;0&#8243; global_colors_info=&#8220;{}&#8220; theme_builder_area=&#8220;post_content&#8220; sticky_enabled=&#8220;0&#8243;][\/et_pb_button][\/et_pb_column][et_pb_column type=&#8220;2_5&#8243; _builder_version=&#8220;4.27.6&#8243; _module_preset=&#8220;default&#8220; global_colors_info=&#8220;{}&#8220;][et_pb_text _builder_version=&#8220;4.27.6&#8243; _module_preset=&#8220;default&#8220; global_colors_info=&#8220;{}&#8220;]<\/p>\n<h2 class=\"h2\">Service for our international clients<\/h2>\n<div>\u201eWe provide a full range of notarial certification and notarization services for international clients, including consular legalisation of documents and obtaining an Apostille according to The Hague Convention. Our services in detail:<\/div>\n<p>[\/et_pb_text][et_pb_toggle title=&#8220;Learn more&#8220; open_toggle_text_color=&#8220;#000000&#8243; open_toggle_background_color=&#8220;#FFFFFF&#8220; closed_toggle_text_color=&#8220;#FFFFFF&#8220; closed_toggle_background_color=&#8220;#476a88&#8243; _builder_version=&#8220;4.27.6&#8243; _module_preset=&#8220;default&#8220; title_text_color=&#8220;#FFFFFF&#8220; global_colors_info=&#8220;{}&#8220;]<\/p>\n<h3>Certification Services<\/h3>\n<ul>\n<li>Certification of signature, i. e. verifying the identity of the person signing the document in question and ensuring that he\/she has legal capacity to do so;<\/li>\n<li>Certificate of existence of a German company including information on the companies trade name, corporate domicile and registered address;<\/li>\n<li>Certificate as to who is entitled to represent the company and if required a short legal opinion on the scope of the power of representation of the director (\u201cGesch\u00e4ftsf\u00fchrer\u201d) or the holder of a special proxy (Prokurist);<\/li>\n<li>Certificates on legal successions, on changes in the trade name of a company, on changes in its corporate domicile et cetera.<\/li>\n<li>Corporate Law Notarizations<\/li>\n<li>Drafting and notarizing of deeds regarding the transfer of shares in a German company with limited liability (\u201cGmbH\u201d) or shares in companies of other legal forms from one shareholder to another.<\/li>\n<li>Drafting and notarizing of deeds regarding the change of the articles of association of a German company.<br \/>Drafting and notarizing of deeds regarding the merger or spin off of German companies as well as international mergers or spin offs;<\/li>\n<li>Drafting and notarizing of deeds regarding the establishment of all kinds of companies in Germany as well as their registration with the Commercial Register.<\/li>\n<\/ul>\n<h3>Real Estate Law<\/h3>\n<p>All kind of transactions with regard to real estate situated in Germany. If you seek assistance on a topic with international relevance, please address us via email or give us a telephone call.<\/p>\n<p>[\/et_pb_toggle][\/et_pb_column][\/et_pb_row][\/et_pb_section]<\/p>\n","protected":false},"excerpt":{"rendered":"<p>Beratung &amp; BeurkundungUnsere T\u00e4tigkeiten\u00a0 \u00a0 \u00a0 \u00a0 Immobilien\u00a0 \u00a0 \u00a0 \u00a0 Erbrecht\u00a0 \u00a0 \u00a0 \u00a0 Familienrecht\u00a0 \u00a0 \u00a0 \u00a0 GesellschaftsrechtNotarkosten Die Einschaltung eines Notars ist im Regelfall gar nicht so teuer, wie oft bef\u00fcrchtet. Das liegt nicht zuletzt daran, dass Notare neben der Geb\u00fchr f\u00fcr die Beurkundung keine weiteren Kosten f\u00fcr die Beratungst\u00e4tigkeit erheben, und [&hellip;]<\/p>\n","protected":false},"author":1,"featured_media":0,"parent":0,"menu_order":0,"comment_status":"closed","ping_status":"closed","template":"","meta":{"_et_pb_use_builder":"on","_et_pb_old_content":"","_et_gb_content_width":"","footnotes":""},"class_list":["post-14","page","type-page","status-publish","hentry"],"_links":{"self":[{"href":"https:\/\/great-liskov.89-22-114-40.plesk.page\/index.php\/wp-json\/wp\/v2\/pages\/14","targetHints":{"allow":["GET"]}}],"collection":[{"href":"https:\/\/great-liskov.89-22-114-40.plesk.page\/index.php\/wp-json\/wp\/v2\/pages"}],"about":[{"href":"https:\/\/great-liskov.89-22-114-40.plesk.page\/index.php\/wp-json\/wp\/v2\/types\/page"}],"author":[{"embeddable":true,"href":"https:\/\/great-liskov.89-22-114-40.plesk.page\/index.php\/wp-json\/wp\/v2\/users\/1"}],"replies":[{"embeddable":true,"href":"https:\/\/great-liskov.89-22-114-40.plesk.page\/index.php\/wp-json\/wp\/v2\/comments?post=14"}],"version-history":[{"count":8,"href":"https:\/\/great-liskov.89-22-114-40.plesk.page\/index.php\/wp-json\/wp\/v2\/pages\/14\/revisions"}],"predecessor-version":[{"id":245,"href":"https:\/\/great-liskov.89-22-114-40.plesk.page\/index.php\/wp-json\/wp\/v2\/pages\/14\/revisions\/245"}],"wp:attachment":[{"href":"https:\/\/great-liskov.89-22-114-40.plesk.page\/index.php\/wp-json\/wp\/v2\/media?parent=14"}],"curies":[{"name":"wp","href":"https:\/\/api.w.org\/{rel}","templated":true}]}}