{"id":20,"date":"2026-01-20T11:08:18","date_gmt":"2026-01-20T11:08:18","guid":{"rendered":"https:\/\/great-liskov.89-22-114-40.plesk.page\/?page_id=20"},"modified":"2026-03-10T12:04:11","modified_gmt":"2026-03-10T12:04:11","slug":"geschichte","status":"publish","type":"page","link":"https:\/\/great-liskov.89-22-114-40.plesk.page\/index.php\/geschichte\/","title":{"rendered":"Geschichte"},"content":{"rendered":"<p>[et_pb_section fb_built=&#8220;1&#8243; fullwidth=&#8220;on&#8220; _builder_version=&#8220;4.27.5&#8243; _module_preset=&#8220;default&#8220; global_colors_info=&#8220;{}&#8220;][et_pb_fullwidth_image src=&#8220;https:\/\/great-liskov.89-22-114-40.plesk.page\/wp-content\/uploads\/2026\/01\/hero-bg.jpg&#8220; title_text=&#8220;hero-bg&#8220; _builder_version=&#8220;4.27.5&#8243; _module_preset=&#8220;default&#8220; global_colors_info=&#8220;{}&#8220;][\/et_pb_fullwidth_image][\/et_pb_section][et_pb_section fb_built=&#8220;1&#8243; _builder_version=&#8220;4.27.5&#8243; _module_preset=&#8220;default&#8220; custom_padding=&#8220;6px||0px|||&#8220; global_colors_info=&#8220;{}&#8220;][et_pb_row _builder_version=&#8220;4.27.5&#8243; _module_preset=&#8220;default&#8220; global_colors_info=&#8220;{}&#8220;][et_pb_column type=&#8220;4_4&#8243; _builder_version=&#8220;4.27.5&#8243; _module_preset=&#8220;default&#8220; global_colors_info=&#8220;{}&#8220;][et_pb_text _builder_version=&#8220;4.27.5&#8243; _module_preset=&#8220;default&#8220; text_font=&#8220;Arial|700|||||||&#8220; text_text_color=&#8220;#476a88&#8243; text_font_size=&#8220;52px&#8220; text_letter_spacing=&#8220;2px&#8220; inline_fonts=&#8220;Arial&#8220; global_colors_info=&#8220;{}&#8220;]<\/p>\n<p class=\"h1\" style=\"text-align: center;\"><span style=\"font-family: Arial;\">Geschichte<\/span><\/p>\n<p>[\/et_pb_text][et_pb_text _builder_version=&#8220;4.27.5&#8243; _module_preset=&#8220;default&#8220; text_font=&#8220;Arial|600|||||||&#8220; text_font_size=&#8220;24px&#8220; text_orientation=&#8220;center&#8220; global_colors_info=&#8220;{}&#8220;]<\/p>\n<h2 class=\"h2\">Die Geschichte des Notariats geht bis in das Jahr 1920 zur\u00fcck. Es ist das \u00e4lteste Notariat in Solingen.<\/h2>\n<p>[\/et_pb_text][\/et_pb_column][\/et_pb_row][\/et_pb_section][et_pb_section fb_built=&#8220;1&#8243; _builder_version=&#8220;4.27.5&#8243; _module_preset=&#8220;default&#8220; custom_padding=&#8220;1px|||||&#8220; global_colors_info=&#8220;{}&#8220;][et_pb_row _builder_version=&#8220;4.27.5&#8243; _module_preset=&#8220;default&#8220; global_colors_info=&#8220;{}&#8220;][et_pb_column type=&#8220;4_4&#8243; _builder_version=&#8220;4.27.5&#8243; _module_preset=&#8220;default&#8220; global_colors_info=&#8220;{}&#8220;][et_pb_text _builder_version=&#8220;4.27.5&#8243; _module_preset=&#8220;default&#8220; global_colors_info=&#8220;{}&#8220;]<\/p>\n<p>Mit Wirkung zum 24. Juli 1920 wurde<span>\u00a0<\/span><strong>Reinhard Rathscheck<\/strong><span>\u00a0<\/span>zum Notar in Solingen ernannt. Er \u00fcbte sein Amt bis 1952 aus. Als Amtsnachfolger wurde im selben Jahr Notar<span>\u00a0<\/span><strong>Eugen Laux<\/strong><span>\u00a0<\/span>bestellt, der bis Ende 1955 im Amt war. Ab 1956 war<span>\u00a0<\/span><strong>Rolf Rudolf Langenbruch<\/strong><span>\u00a0<\/span>f\u00fcr zwanzig Jahre als Notar in Solingen t\u00e4tig. Zum 1. Mai 1976 wurde<span>\u00a0<\/span><strong>Dr. Rolf Petzoldt<\/strong><span>\u00a0<\/span>sein Amtsnachfolger. Dr. Petzoldt \u00fcbte sein Amt bis zu seinem Tode im September 1996 aus.<span>\u00a0<\/span><strong>Claus Ulbrich<\/strong><span>\u00a0<\/span>\u00fcbernahm dessen Amtsgesch\u00e4fte im September 1996 zun\u00e4chst als Notariatsverwalter und wurde am 19. Dezember 1996 zum Notar in Solingen ernannt.<\/p>\n<p><strong>Dr. Karl-Otto Haarhaus<\/strong><span>\u00a0<\/span>baute Anfang 1961 eine neue Notarstelle in Solingen auf und f\u00fchrte das Amt f\u00fcr 35 Jahre. Nach seinem altersbedingten Ausscheiden \u00fcbernahm<span>\u00a0<\/span><strong>Wolfram Manstein<\/strong><span>\u00a0<\/span>zum 1. Dezember 1996 dessen Amtsstelle. Dieser \u00fcbte sein Amt bis Ende M\u00e4rz 2020 aus. Zum 1. April 2020 wurde<span>\u00a0<\/span><strong>Mikolaj Pogorzelski<\/strong><span>\u00a0<\/span>als sein Amtsnachfolger zum Notar in Solingen ernannt.<\/p>\n<p>Die Notare<span>\u00a0<\/span><strong>Langenbruch und Dr. Haarhaus<\/strong><span>\u00a0<\/span>haben sich 1961 zu einer Soziet\u00e4t zusammengeschlossen. Nach dem Ausscheiden von Notar Langenbruch bestand die Soziet\u00e4t zwischen den Notaren<span>\u00a0<\/span><strong>Dr. Petzoldt und Dr. Haarhaus<\/strong>. Ihre Amtsnachfolger, die Notare<span>\u00a0<\/span><strong>Ulbrich und Manstein<\/strong><span>\u00a0<\/span>f\u00fchrten die Soziet\u00e4t fast ein Vierteljahrhundert erfolgreich fort. Seit dem Ausscheiden von Notar Manstein wird die Soziet\u00e4t zwischen den Notaren<span>\u00a0<\/span><strong>Ulbrich und Pogorzelski<\/strong><span>\u00a0<\/span>fortgesetzt.<\/p>\n<p>Die R\u00e4umlichkeiten der Soziet\u00e4t waren zun\u00e4chst in der Hauptstra\u00dfe und anschlie\u00dfend in der Mummstra\u00dfe. Von 1991 bis M\u00e4rz 2026 befand sich das Notariat in der Goerdelerstra\u00dfe 66. Seitdem befinden sich unsere R\u00e4ume im Dycker Feld 72 in 42653 Solingen<strong>.<\/strong><\/p>\n<p>S\u00e4mtliche<span>\u00a0<\/span><strong>Erbvertr\u00e4ge<\/strong><span>\u00a0<\/span>der genannten Notare<span>\u00a0<\/span><strong>seit dem Jahr 1920<\/strong><span>\u00a0<\/span>und alle sonstigen notariellen<strong><span>\u00a0<\/span>Urkunden ab dem Jahr 1956<\/strong><span>\u00a0<\/span>der Amtsvorg\u00e4nger werden im Notariat verwahrt.<\/p>\n<p>[\/et_pb_text][\/et_pb_column][\/et_pb_row][\/et_pb_section]<\/p>\n","protected":false},"excerpt":{"rendered":"<p>GeschichteDie Geschichte des Notariats geht bis in das Jahr 1920 zur\u00fcck. Es ist das \u00e4lteste Notariat in Solingen.Mit Wirkung zum 24. Juli 1920 wurde\u00a0Reinhard Rathscheck\u00a0zum Notar in Solingen ernannt. Er \u00fcbte sein Amt bis 1952 aus. Als Amtsnachfolger wurde im selben Jahr Notar\u00a0Eugen Laux\u00a0bestellt, der bis Ende 1955 im Amt war. Ab 1956 war\u00a0Rolf Rudolf [&hellip;]<\/p>\n","protected":false},"author":1,"featured_media":0,"parent":0,"menu_order":0,"comment_status":"closed","ping_status":"closed","template":"","meta":{"_et_pb_use_builder":"on","_et_pb_old_content":"","_et_gb_content_width":"","footnotes":""},"class_list":["post-20","page","type-page","status-publish","hentry"],"_links":{"self":[{"href":"https:\/\/great-liskov.89-22-114-40.plesk.page\/index.php\/wp-json\/wp\/v2\/pages\/20","targetHints":{"allow":["GET"]}}],"collection":[{"href":"https:\/\/great-liskov.89-22-114-40.plesk.page\/index.php\/wp-json\/wp\/v2\/pages"}],"about":[{"href":"https:\/\/great-liskov.89-22-114-40.plesk.page\/index.php\/wp-json\/wp\/v2\/types\/page"}],"author":[{"embeddable":true,"href":"https:\/\/great-liskov.89-22-114-40.plesk.page\/index.php\/wp-json\/wp\/v2\/users\/1"}],"replies":[{"embeddable":true,"href":"https:\/\/great-liskov.89-22-114-40.plesk.page\/index.php\/wp-json\/wp\/v2\/comments?post=20"}],"version-history":[{"count":7,"href":"https:\/\/great-liskov.89-22-114-40.plesk.page\/index.php\/wp-json\/wp\/v2\/pages\/20\/revisions"}],"predecessor-version":[{"id":269,"href":"https:\/\/great-liskov.89-22-114-40.plesk.page\/index.php\/wp-json\/wp\/v2\/pages\/20\/revisions\/269"}],"wp:attachment":[{"href":"https:\/\/great-liskov.89-22-114-40.plesk.page\/index.php\/wp-json\/wp\/v2\/media?parent=20"}],"curies":[{"name":"wp","href":"https:\/\/api.w.org\/{rel}","templated":true}]}}