{"id":22,"date":"2026-01-20T11:08:30","date_gmt":"2026-01-20T11:08:30","guid":{"rendered":"https:\/\/great-liskov.89-22-114-40.plesk.page\/?page_id=22"},"modified":"2026-03-10T11:43:22","modified_gmt":"2026-03-10T11:43:22","slug":"karriere","status":"publish","type":"page","link":"https:\/\/great-liskov.89-22-114-40.plesk.page\/index.php\/karriere\/","title":{"rendered":"Karriere"},"content":{"rendered":"<p>[et_pb_section fb_built=&#8220;1&#8243; fullwidth=&#8220;on&#8220; _builder_version=&#8220;4.27.5&#8243; _module_preset=&#8220;default&#8220; global_colors_info=&#8220;{}&#8220;][et_pb_fullwidth_image src=&#8220;https:\/\/great-liskov.89-22-114-40.plesk.page\/wp-content\/uploads\/2026\/01\/hero-bg.jpg&#8220; title_text=&#8220;hero-bg&#8220; _builder_version=&#8220;4.27.5&#8243; _module_preset=&#8220;default&#8220; global_colors_info=&#8220;{}&#8220;][\/et_pb_fullwidth_image][\/et_pb_section][et_pb_section fb_built=&#8220;1&#8243; _builder_version=&#8220;4.27.5&#8243; _module_preset=&#8220;default&#8220; custom_padding=&#8220;6px||0px|||&#8220; global_colors_info=&#8220;{}&#8220;][et_pb_row _builder_version=&#8220;4.27.5&#8243; _module_preset=&#8220;default&#8220; global_colors_info=&#8220;{}&#8220;][et_pb_column type=&#8220;4_4&#8243; _builder_version=&#8220;4.27.5&#8243; _module_preset=&#8220;default&#8220; global_colors_info=&#8220;{}&#8220;][et_pb_text _builder_version=&#8220;4.27.5&#8243; _module_preset=&#8220;default&#8220; text_font=&#8220;Arial|700|||||||&#8220; text_text_color=&#8220;#476a88&#8243; text_font_size=&#8220;52px&#8220; text_letter_spacing=&#8220;2px&#8220; inline_fonts=&#8220;Arial&#8220; global_colors_info=&#8220;{}&#8220;]<\/p>\n<p class=\"h1\" style=\"text-align: center;\"><span style=\"font-family: Arial;\">Karriere<\/span><\/p>\n<p>[\/et_pb_text][et_pb_text _builder_version=&#8220;4.27.5&#8243; _module_preset=&#8220;default&#8220; text_font=&#8220;Arial|600|||||||&#8220; text_font_size=&#8220;24px&#8220; text_orientation=&#8220;center&#8220; global_colors_info=&#8220;{}&#8220;]<\/p>\n<h2 class=\"h2\"><strong>Wir m\u00f6chten mit Ihnen wachsen.<\/strong><\/h2>\n<p>[\/et_pb_text][\/et_pb_column][\/et_pb_row][\/et_pb_section][et_pb_section fb_built=&#8220;1&#8243; _builder_version=&#8220;4.27.5&#8243; _module_preset=&#8220;default&#8220; custom_padding=&#8220;0px|||||&#8220; global_colors_info=&#8220;{}&#8220;][et_pb_row _builder_version=&#8220;4.27.5&#8243; _module_preset=&#8220;default&#8220; custom_padding=&#8220;3px|||||&#8220; global_colors_info=&#8220;{}&#8220;][et_pb_column type=&#8220;4_4&#8243; _builder_version=&#8220;4.27.5&#8243; _module_preset=&#8220;default&#8220; global_colors_info=&#8220;{}&#8220;][et_pb_text _builder_version=&#8220;4.27.5&#8243; _module_preset=&#8220;default&#8220; background_color=&#8220;#f7f7f7&#8243; height=&#8220;982px&#8220; border_width_all=&#8220;35px&#8220; border_color_all=&#8220;#f7f7f7&#8243; global_colors_info=&#8220;{}&#8220;]<\/p>\n<h3>Das Notariat Ulbrich &amp; Pogorzelski sucht Verst\u00e4rkung:<\/h3>\n<ul>\n<li>Referats- \/ B\u00fcro- \/ Teamleiter oder Volljuristen (m\/w\/d)<\/li>\n<li>Notarfachangestellte \/ Notarfachassistenten \/ Notarfachreferenten (m\/w\/d)<\/li>\n<li>Auszubildende (m\/w\/d)<\/li>\n<\/ul>\n<p>Ihr individuelles T\u00e4tigkeitsprofil entwickeln wir gemeinsam mit Ihnen anhand Ihrer bisherigen Erfahrungen und Ihrer Vorlieben sowie der aktuellen Bed\u00fcrfnisse unseres Notariats.<\/p>\n<p>&nbsp;<\/p>\n<p><strong>Zeigen Sie Initiative.<\/strong><\/p>\n<p>Es ist keine passende Stellenanzeige f\u00fcr Sie dabei? Das macht nichts. Wir wissen es zu sch\u00e4tzen, wenn Sie mit Ihrer Bewerbung den ersten Schritt gehen.<\/p>\n<p>Wir freuen uns darauf, Sie pers\u00f6nlich kennenzulernen. Ihre Bewerbung behandeln wir selbstverst\u00e4ndlich vertraulich.<\/p>\n<p>\u200d<\/p>\n<p><strong>Bitte richten Sie Ihre Bewerbung an:<\/strong><\/p>\n<p>Notare Claus Ulbrich &amp; Mikolaj Pogorzelski<br \/>Dycker Feld 72<br \/>42653 Solingen<\/p>\n<p>oder per E-Mail an:<span>\u00a0<\/span><a href=\"mailto:bewerbungen@upnotare.de\">bewerbungen@upnotare.de<\/a><\/p>\n<p>&nbsp;<\/p>\n<p><strong>Unser Angebot an Sie.<\/strong><\/p>\n<ul>\n<li>Eine angenehme Arbeitsatmosph\u00e4re in einem modern eingerichteten B\u00fcro<\/li>\n<li>Ein kollegiales Arbeitsumfeld, bei dem Zusammenhalt und gegenseitige Unterst\u00fctzung im Mittelpunkt stehen<\/li>\n<li>Eine abwechslungsreiche T\u00e4tigkeit mit vielseitigem Mandantenkontakt<\/li>\n<li>Eine leistungsgerechte Verg\u00fctung sowie Aufstiegs- und Weiterbildungsm\u00f6glichkeiten<\/li>\n<li>Flexible Arbeitszeitmodelle<\/li>\n<li>Ein sicherer Arbeitsplatz und eine langfristige Perspektive<\/li>\n<li>Direkte Zusammenarbeit mit den Notaren, die Ihre Arbeit zu sch\u00e4tzen wissen<\/li>\n<li>\u00dcbernahme der Parkkosten im unmittelbar angrenzenden Parkhaus bzw. der Kosten f\u00fcr den \u00d6PNV<\/li>\n<\/ul>\n<p>\u201e<em>Nur im Zusammenspiel zwischen Notar und Mitarbeitern k\u00f6nnen wir den Anspr\u00fcchen unserer Mandanten gerecht werden.<\/em>\u201c Claus Ulbrich, Notar<\/p>\n<p>&nbsp;<\/p>\n<p>\u201e<em>Erfolg ist nur im Team m\u00f6glich.<\/em>\u201c Mikolaj Pogorzelski, Notar<\/p>\n<p>[\/et_pb_text][\/et_pb_column][\/et_pb_row][\/et_pb_section]<\/p>\n","protected":false},"excerpt":{"rendered":"<p>KarriereWir m\u00f6chten mit Ihnen wachsen.Das Notariat Ulbrich &amp; Pogorzelski sucht Verst\u00e4rkung: Referats- \/ B\u00fcro- \/ Teamleiter oder Volljuristen (m\/w\/d) Notarfachangestellte \/ Notarfachassistenten \/ Notarfachreferenten (m\/w\/d) Auszubildende (m\/w\/d) Ihr individuelles T\u00e4tigkeitsprofil entwickeln wir gemeinsam mit Ihnen anhand Ihrer bisherigen Erfahrungen und Ihrer Vorlieben sowie der aktuellen Bed\u00fcrfnisse unseres Notariats. &nbsp; Zeigen Sie Initiative. Es ist keine [&hellip;]<\/p>\n","protected":false},"author":1,"featured_media":0,"parent":0,"menu_order":0,"comment_status":"closed","ping_status":"closed","template":"","meta":{"_et_pb_use_builder":"on","_et_pb_old_content":"","_et_gb_content_width":"","footnotes":""},"class_list":["post-22","page","type-page","status-publish","hentry"],"_links":{"self":[{"href":"https:\/\/great-liskov.89-22-114-40.plesk.page\/index.php\/wp-json\/wp\/v2\/pages\/22","targetHints":{"allow":["GET"]}}],"collection":[{"href":"https:\/\/great-liskov.89-22-114-40.plesk.page\/index.php\/wp-json\/wp\/v2\/pages"}],"about":[{"href":"https:\/\/great-liskov.89-22-114-40.plesk.page\/index.php\/wp-json\/wp\/v2\/types\/page"}],"author":[{"embeddable":true,"href":"https:\/\/great-liskov.89-22-114-40.plesk.page\/index.php\/wp-json\/wp\/v2\/users\/1"}],"replies":[{"embeddable":true,"href":"https:\/\/great-liskov.89-22-114-40.plesk.page\/index.php\/wp-json\/wp\/v2\/comments?post=22"}],"version-history":[{"count":6,"href":"https:\/\/great-liskov.89-22-114-40.plesk.page\/index.php\/wp-json\/wp\/v2\/pages\/22\/revisions"}],"predecessor-version":[{"id":254,"href":"https:\/\/great-liskov.89-22-114-40.plesk.page\/index.php\/wp-json\/wp\/v2\/pages\/22\/revisions\/254"}],"wp:attachment":[{"href":"https:\/\/great-liskov.89-22-114-40.plesk.page\/index.php\/wp-json\/wp\/v2\/media?parent=22"}],"curies":[{"name":"wp","href":"https:\/\/api.w.org\/{rel}","templated":true}]}}