{"id":9,"date":"2026-01-20T11:08:44","date_gmt":"2026-01-20T11:08:44","guid":{"rendered":"https:\/\/great-liskov.89-22-114-40.plesk.page\/?page_id=9"},"modified":"2026-03-11T07:39:08","modified_gmt":"2026-03-11T07:39:08","slug":"start","status":"publish","type":"page","link":"https:\/\/great-liskov.89-22-114-40.plesk.page\/","title":{"rendered":"Start"},"content":{"rendered":"<p>[et_pb_section fb_built=&#8220;1&#8243; fullwidth=&#8220;on&#8220; _builder_version=&#8220;4.27.5&#8243; _module_preset=&#8220;default&#8220; global_colors_info=&#8220;{}&#8220;][et_pb_fullwidth_image src=&#8220;https:\/\/great-liskov.89-22-114-40.plesk.page\/wp-content\/uploads\/2026\/01\/hero-bg.jpg&#8220; title_text=&#8220;hero-bg&#8220; _builder_version=&#8220;4.27.5&#8243; _module_preset=&#8220;default&#8220; global_colors_info=&#8220;{}&#8220;][\/et_pb_fullwidth_image][\/et_pb_section][et_pb_section fb_built=&#8220;1&#8243; _builder_version=&#8220;4.27.5&#8243; _module_preset=&#8220;default&#8220; custom_padding=&#8220;0px||0px|||&#8220; global_colors_info=&#8220;{}&#8220;][et_pb_row column_structure=&#8220;1_6,1_6,1_6,1_6,1_6,1_6&#8243; _builder_version=&#8220;4.27.6&#8243; _module_preset=&#8220;default&#8220; custom_padding=&#8220;0px||0px|||&#8220; global_colors_info=&#8220;{}&#8220;][et_pb_column type=&#8220;1_6&#8243; _builder_version=&#8220;4.27.6&#8243; _module_preset=&#8220;default&#8220; global_colors_info=&#8220;{}&#8220;][\/et_pb_column][et_pb_column type=&#8220;1_6&#8243; _builder_version=&#8220;4.27.6&#8243; _module_preset=&#8220;default&#8220; global_colors_info=&#8220;{}&#8220;][\/et_pb_column][et_pb_column type=&#8220;1_6&#8243; _builder_version=&#8220;4.27.6&#8243; _module_preset=&#8220;default&#8220; global_colors_info=&#8220;{}&#8220;][\/et_pb_column][et_pb_column type=&#8220;1_6&#8243; _builder_version=&#8220;4.27.6&#8243; _module_preset=&#8220;default&#8220; global_colors_info=&#8220;{}&#8220;][\/et_pb_column][et_pb_column type=&#8220;1_6&#8243; _builder_version=&#8220;4.27.6&#8243; _module_preset=&#8220;default&#8220; global_colors_info=&#8220;{}&#8220;][\/et_pb_column][et_pb_column type=&#8220;1_6&#8243; _builder_version=&#8220;4.27.6&#8243; _module_preset=&#8220;default&#8220; global_colors_info=&#8220;{}&#8220;][et_pb_image src=&#8220;https:\/\/great-liskov.89-22-114-40.plesk.page\/wp-content\/uploads\/2026\/03\/wirstellenein.png&#8220; title_text=&#8220;wirstellenein&#8220; url=&#8220;@ET-DC@eyJkeW5hbWljIjp0cnVlLCJjb250ZW50IjoicG9zdF9saW5rX3VybF9wYWdlIiwic2V0dGluZ3MiOnsicG9zdF9pZCI6IjIyIn19@&#8220; _builder_version=&#8220;4.27.6&#8243; _dynamic_attributes=&#8220;url&#8220; _module_preset=&#8220;default&#8220; transform_translate=&#8220;-42px|-443px&#8220; global_colors_info=&#8220;{}&#8220;][\/et_pb_image][\/et_pb_column][\/et_pb_row][\/et_pb_section][et_pb_section fb_built=&#8220;1&#8243; _builder_version=&#8220;4.27.5&#8243; _module_preset=&#8220;default&#8220; custom_padding=&#8220;0px||0px|||&#8220; global_colors_info=&#8220;{}&#8220;][et_pb_row _builder_version=&#8220;4.27.5&#8243; _module_preset=&#8220;default&#8220; global_colors_info=&#8220;{}&#8220;][et_pb_column type=&#8220;4_4&#8243; _builder_version=&#8220;4.27.5&#8243; _module_preset=&#8220;default&#8220; global_colors_info=&#8220;{}&#8220;][et_pb_text _builder_version=&#8220;4.27.5&#8243; _module_preset=&#8220;default&#8220; text_font=&#8220;Arial|700|||||||&#8220; text_text_color=&#8220;#476a88&#8243; text_font_size=&#8220;52px&#8220; text_letter_spacing=&#8220;2px&#8220; inline_fonts=&#8220;Arial&#8220; global_colors_info=&#8220;{}&#8220;]<\/p>\n<p class=\"h1\" style=\"text-align: center;\"><span style=\"font-family: Arial;\">Ihre Notare in\u00a0Solingen<\/span><\/p>\n<p>[\/et_pb_text][et_pb_text _builder_version=&#8220;4.27.5&#8243; _module_preset=&#8220;default&#8220; text_font=&#8220;Arial|600|||||||&#8220; text_font_size=&#8220;24px&#8220; text_orientation=&#8220;center&#8220; global_colors_info=&#8220;{}&#8220;]<\/p>\n<p>Ulbrich &amp; Pogorzelski, LL.M. (Harvard)<\/p>\n<p>[\/et_pb_text][\/et_pb_column][\/et_pb_row][\/et_pb_section][et_pb_section fb_built=&#8220;1&#8243; _builder_version=&#8220;4.27.5&#8243; _module_preset=&#8220;default&#8220; background_color=&#8220;#FFFFFF&#8220; custom_margin=&#8220;||32px|||&#8220; custom_padding=&#8220;0px|||||&#8220; global_colors_info=&#8220;{}&#8220;][et_pb_row column_structure=&#8220;1_4,1_4,1_4,1_4&#8243; _builder_version=&#8220;4.27.5&#8243; _module_preset=&#8220;default&#8220; global_colors_info=&#8220;{}&#8220;][et_pb_column type=&#8220;1_4&#8243; _builder_version=&#8220;4.27.5&#8243; _module_preset=&#8220;default&#8220; global_colors_info=&#8220;{}&#8220;][et_pb_blurb image=&#8220;https:\/\/great-liskov.89-22-114-40.plesk.page\/wp-content\/uploads\/2026\/01\/immobilien-p-500.jpeg&#8220; image_icon_width=&#8220;100%&#8220; _builder_version=&#8220;4.27.6&#8243; _dynamic_attributes=&#8220;link_option_url&#8220; _module_preset=&#8220;default&#8220; header_font=&#8220;|700|||||||&#8220; body_text_align=&#8220;left&#8220; body_font_size=&#8220;15px&#8220; background_color=&#8220;#f5f5f5&#8243; module_alignment=&#8220;left&#8220; height=&#8220;195px&#8220; custom_margin=&#8220;||||false|false&#8220; custom_padding=&#8220;||||false|false&#8220; link_option_url=&#8220;@ET-DC@eyJkeW5hbWljIjp0cnVlLCJjb250ZW50IjoicG9zdF9saW5rX3VybF9wYWdlIiwic2V0dGluZ3MiOnsicG9zdF9pZCI6IjE0NyJ9fQ==@&#8220; motion_trigger_start=&#8220;top&#8220; global_colors_info=&#8220;{}&#8220;]<\/p>\n<p><strong>\u00a0 \u00a0 \u00a0 \u00a0 Immobilien<\/strong><\/p>\n<p>[\/et_pb_blurb][\/et_pb_column][et_pb_column type=&#8220;1_4&#8243; _builder_version=&#8220;4.27.5&#8243; _module_preset=&#8220;default&#8220; global_colors_info=&#8220;{}&#8220;][et_pb_blurb image=&#8220;https:\/\/great-liskov.89-22-114-40.plesk.page\/wp-content\/uploads\/2026\/01\/erbrecht-p-500.jpeg&#8220; image_icon_width=&#8220;100%&#8220; _builder_version=&#8220;4.27.6&#8243; _dynamic_attributes=&#8220;link_option_url&#8220; _module_preset=&#8220;default&#8220; header_font=&#8220;|700|||||||&#8220; body_text_align=&#8220;left&#8220; body_font_size=&#8220;15px&#8220; background_color=&#8220;#f5f5f5&#8243; module_alignment=&#8220;left&#8220; height=&#8220;195px&#8220; custom_margin=&#8220;||||false|false&#8220; custom_padding=&#8220;||||false|false&#8220; link_option_url=&#8220;@ET-DC@eyJkeW5hbWljIjp0cnVlLCJjb250ZW50IjoicG9zdF9saW5rX3VybF9wYWdlIiwic2V0dGluZ3MiOnsicG9zdF9pZCI6IjE1NyJ9fQ==@&#8220; motion_trigger_start=&#8220;top&#8220; global_colors_info=&#8220;{}&#8220;]<\/p>\n<p><strong>\u00a0 \u00a0 \u00a0 \u00a0 Erbrecht<\/strong><\/p>\n<p>[\/et_pb_blurb][\/et_pb_column][et_pb_column type=&#8220;1_4&#8243; _builder_version=&#8220;4.27.5&#8243; _module_preset=&#8220;default&#8220; global_colors_info=&#8220;{}&#8220;][et_pb_blurb image=&#8220;https:\/\/great-liskov.89-22-114-40.plesk.page\/wp-content\/uploads\/2026\/01\/familienrecht-p-500.jpeg&#8220; image_icon_width=&#8220;100%&#8220; _builder_version=&#8220;4.27.6&#8243; _dynamic_attributes=&#8220;link_option_url&#8220; _module_preset=&#8220;default&#8220; header_font=&#8220;|700|||||||&#8220; body_text_align=&#8220;left&#8220; body_font_size=&#8220;15px&#8220; background_color=&#8220;#f5f5f5&#8243; module_alignment=&#8220;left&#8220; height=&#8220;195px&#8220; custom_margin=&#8220;||||false|false&#8220; custom_padding=&#8220;||||false|false&#8220; link_option_url=&#8220;@ET-DC@eyJkeW5hbWljIjp0cnVlLCJjb250ZW50IjoicG9zdF9saW5rX3VybF9wYWdlIiwic2V0dGluZ3MiOnsicG9zdF9pZCI6IjE2MyJ9fQ==@&#8220; motion_trigger_start=&#8220;top&#8220; global_colors_info=&#8220;{}&#8220;]<\/p>\n<p><strong>\u00a0 \u00a0 \u00a0 \u00a0 Familienrecht<\/strong><\/p>\n<p>[\/et_pb_blurb][\/et_pb_column][et_pb_column type=&#8220;1_4&#8243; _builder_version=&#8220;4.27.5&#8243; _module_preset=&#8220;default&#8220; global_colors_info=&#8220;{}&#8220;][et_pb_blurb image=&#8220;https:\/\/great-liskov.89-22-114-40.plesk.page\/wp-content\/uploads\/2026\/01\/gesellschaftsrecht-p-500.jpeg&#8220; image_icon_width=&#8220;100%&#8220; _builder_version=&#8220;4.27.6&#8243; _dynamic_attributes=&#8220;link_option_url&#8220; _module_preset=&#8220;default&#8220; header_font=&#8220;|700|||||||&#8220; body_text_align=&#8220;left&#8220; body_font_size=&#8220;15px&#8220; background_color=&#8220;#f5f5f5&#8243; module_alignment=&#8220;left&#8220; height=&#8220;195px&#8220; custom_margin=&#8220;||||false|false&#8220; custom_padding=&#8220;||||false|false&#8220; link_option_url=&#8220;@ET-DC@eyJkeW5hbWljIjp0cnVlLCJjb250ZW50IjoicG9zdF9saW5rX3VybF9wYWdlIiwic2V0dGluZ3MiOnsicG9zdF9pZCI6IjE2NiJ9fQ==@&#8220; motion_trigger_start=&#8220;top&#8220; global_colors_info=&#8220;{}&#8220;]<\/p>\n<p><strong>\u00a0 \u00a0 \u00a0 \u00a0 Gesellschaftsrecht<\/strong><\/p>\n<p>[\/et_pb_blurb][\/et_pb_column][\/et_pb_row][\/et_pb_section][et_pb_section fb_built=&#8220;1&#8243; specialty=&#8220;on&#8220; _builder_version=&#8220;4.27.5&#8243; _module_preset=&#8220;default&#8220; background_color=&#8220;#f7f7f7&#8243; min_height=&#8220;788.6px&#8220; custom_margin=&#8220;-42px|||||&#8220; custom_padding=&#8220;36px||0px|||&#8220; global_colors_info=&#8220;{}&#8220;][et_pb_column type=&#8220;2_3&#8243; specialty_columns=&#8220;2&#8243; _builder_version=&#8220;4.16&#8243; custom_padding=&#8220;|||&#8220; global_colors_info=&#8220;{}&#8220; custom_padding__hover=&#8220;|||&#8220;][et_pb_row_inner _builder_version=&#8220;4.27.5&#8243; _module_preset=&#8220;default&#8220; custom_padding=&#8220;0px||0px|||&#8220; global_colors_info=&#8220;{}&#8220;][et_pb_column_inner saved_specialty_column_type=&#8220;2_3&#8243; _builder_version=&#8220;4.27.5&#8243; _module_preset=&#8220;default&#8220; global_colors_info=&#8220;{}&#8220;][et_pb_text _builder_version=&#8220;4.27.6&#8243; _module_preset=&#8220;default&#8220; hover_enabled=&#8220;0&#8243; inline_fonts=&#8220;Arial&#8220; global_colors_info=&#8220;{}&#8220; sticky_enabled=&#8220;0&#8243;]<\/p>\n<p><span><img loading=\"lazy\" decoding=\"async\" src=\"https:\/\/great-liskov.89-22-114-40.plesk.page\/wp-content\/uploads\/2026\/03\/nrw_w_rgb-e1773214630861.png\" width=\"70\" height=\"74\" alt=\"\" class=\"wp-image-297 alignleft size-full\" \/><\/span><\/p>\n<p><span><\/span><\/p>\n<p><span><\/span><\/p>\n<p><span><\/span><\/p>\n<p><span style=\"font-size: x-large;\"><strong><span style=\"font-family: Arial;\"><\/span><\/strong><\/span><\/p>\n<p><span style=\"font-size: x-large;\"><strong><span style=\"font-family: Arial;\"><\/span><\/strong><\/span><\/p>\n<p><span style=\"font-size: x-large;\"><strong><span style=\"font-family: Arial;\"><\/span><\/strong><\/span><\/p>\n<p><span style=\"font-size: x-large;\"><strong><span style=\"font-family: Arial;\">\u201eDer Notar soll den Willen der Beteiligten erforschen, den Sachverhalt kl\u00e4ren, die Beteiligten \u00fcber die rechtliche Tragweite des Gesch\u00e4fts belehren und ihre Erkl\u00e4rungen klar und unzweideutig in der Niederschrift wiedergeben. Dabei soll er darauf achten, da\u00df Irrt\u00fcmer und Zweifel vermieden sowie unerfahrene und ungewandte Beteiligte nicht benachteiligt werden.\u201c<\/span><\/strong><\/span><\/p>\n<p><span style=\"font-size: x-large;\"><strong><span style=\"font-family: Arial;\"><\/span><\/strong><\/span><\/p>\n<p><span style=\"font-size: small;\"><span style=\"font-family: Arial;\">(\u00a7 17 Abs. 1 BeurkG)<\/span><\/span><\/p>\n<p>[\/et_pb_text][et_pb_text _builder_version=&#8220;4.27.5&#8243; _module_preset=&#8220;default&#8220; global_colors_info=&#8220;{}&#8220;]<\/p>\n<p><span>\u201eAls Notare sind wir unabh\u00e4ngige Tr\u00e4ger eines \u00f6ffentlichen Amtes und suchen als neutrale Berater eine f\u00fcr alle Beteiligten ausgewogene und rechtssichere L\u00f6sung. Unser Ziel ist, dass Sie gut abgesichert und zufrieden sind. Bei schwierigen oder komplexen Rechtsgesch\u00e4ften informieren und beraten wir Sie umfassend und vertraulich \u2013 auch in englischer Sprache. Gerne k\u00f6nnen Sie sich in diesen und allen anderen notariellen Angelegenheiten an das Notariat wenden \u2013 wir helfen Ihnen weiter.\u201c<\/span><\/p>\n<p>[\/et_pb_text][\/et_pb_column_inner][\/et_pb_row_inner][\/et_pb_column][et_pb_column type=&#8220;1_3&#8243; _builder_version=&#8220;4.16&#8243; custom_padding=&#8220;|||&#8220; global_colors_info=&#8220;{}&#8220; custom_padding__hover=&#8220;|||&#8220;][et_pb_text _builder_version=&#8220;4.27.5&#8243; _module_preset=&#8220;default&#8220; background_color=&#8220;#476a88&#8243; height=&#8220;300px&#8220; custom_margin=&#8220;-38px|||-23px||&#8220; border_width_all=&#8220;33px&#8220; border_color_all=&#8220;#476a88&#8243; global_colors_info=&#8220;{}&#8220;]<\/p>\n<h3 class=\"h3\"><span style=\"color: #ffffff;\">Kontakt<\/span><\/h3>\n<div class=\"text-block-3\">\n<p><span style=\"color: #ffffff;\"><strong>Notare Claus Ulbrich &amp;<br \/>Mikolaj Pogorzelski<\/strong><\/span><\/p>\n<p><span style=\"color: #ffffff;\">Dycker Feld 72<br \/><\/span><span style=\"color: #ffffff;\">42653 Solingen<\/span><br \/><span style=\"color: #ffffff;\">\u200d<\/span><br \/><span style=\"color: #ffffff;\"><span class=\"icon-fa\"><\/span><a href=\"tel:0212205044\" class=\"link-white\" style=\"color: #ffffff;\">T: 0212 205044<\/a><\/span><br \/><span style=\"color: #ffffff;\"><span class=\"icon-fa\"><\/span><a href=\"https:\/\/www.upnotare.de\/#\" class=\"link-white\" style=\"color: #ffffff;\">F: 0212 203702<\/a><strong><br \/><\/strong><span class=\"icon-fa\"><\/span><a href=\"mailto:info@upnotare.de\" class=\"link-white\" style=\"color: #ffffff;\">E: info@upnotare.de<\/a><\/span><\/p>\n<\/div>\n<p>[\/et_pb_text][et_pb_text _builder_version=&#8220;4.27.5&#8243; _module_preset=&#8220;default&#8220; text_font=&#8220;Arial||||||||&#8220; text_text_color=&#8220;#FFFFFF&#8220; background_color=&#8220;#476a88&#8243; custom_margin=&#8220;|||-24px||&#8220; border_width_all=&#8220;33px&#8220; border_color_all=&#8220;#476a88&#8243; box_shadow_style=&#8220;preset1&#8243; global_colors_info=&#8220;{}&#8220;]<\/p>\n<h3 class=\"h3\"><span style=\"color: #ffffff;\">B\u00fcrozeiten<\/span><\/h3>\n<div>\n<p><span style=\"color: #ffffff;\">Montag bis Freitag 8:30 bis 12:30 Uhr und 14:30 bis 18:00 Uhr<\/span><\/p>\n<p><span style=\"color: #ffffff;\">Auf Anfrage k\u00f6nnen Beurkundungstermine auch zu anderen Zeiten vereinbart werden.<\/span><br \/><span style=\"color: #ffffff;\">\u200d<\/span><\/p>\n<\/div>\n<h3><span style=\"color: #ffffff;\">Telefonzeiten<\/span><\/h3>\n<p><span style=\"color: #ffffff;\">Montag bis Freitag 8:30 bis 12:30 Uhr und 14:30 bis 17:30 Uhr (au\u00dfer Mittwochnachmittag)<\/span><br \/><span style=\"color: #ffffff;\">\u200d<\/span><\/p>\n<h3><span style=\"color: #ffffff;\">Parkm\u00f6glichkeiten<\/span><\/h3>\n<p><span style=\"color: #ffffff;\">Ausreichend kostenfreie Parkm\u00f6glichkeiten befinden sich direkt vor dem Haus.<\/span><\/p>\n<p>[\/et_pb_text][\/et_pb_column][\/et_pb_section][et_pb_section fb_built=&#8220;1&#8243; _builder_version=&#8220;4.27.5&#8243; _module_preset=&#8220;default&#8220; background_color=&#8220;#b4cbdf&#8220; custom_margin=&#8220;||9px|||&#8220; custom_padding=&#8220;||7px|||&#8220; global_colors_info=&#8220;{}&#8220;][et_pb_row column_structure=&#8220;1_2,1_2&#8243; _builder_version=&#8220;4.27.5&#8243; _module_preset=&#8220;default&#8220; global_colors_info=&#8220;{}&#8220;][et_pb_column type=&#8220;1_2&#8243; _builder_version=&#8220;4.27.5&#8243; _module_preset=&#8220;default&#8220; global_colors_info=&#8220;{}&#8220;][et_pb_image src=&#8220;https:\/\/great-liskov.89-22-114-40.plesk.page\/wp-content\/uploads\/2026\/01\/english_francais_600px.png&#8220; title_text=&#8220;english_francais_600px&#8220; _builder_version=&#8220;4.27.5&#8243; _module_preset=&#8220;default&#8220; min_height=&#8220;407px&#8220; custom_margin=&#8220;||-36px|||&#8220; custom_padding=&#8220;||6px|||&#8220; hover_enabled=&#8220;0&#8243; global_colors_info=&#8220;{}&#8220; sticky_enabled=&#8220;0&#8243;][\/et_pb_image][\/et_pb_column][et_pb_column type=&#8220;1_2&#8243; _builder_version=&#8220;4.27.5&#8243; _module_preset=&#8220;default&#8220; global_colors_info=&#8220;{}&#8220;][et_pb_text _builder_version=&#8220;4.27.5&#8243; _module_preset=&#8220;default&#8220; inline_fonts=&#8220;Arial&#8220; global_colors_info=&#8220;{}&#8220;]<\/p>\n<h2 class=\"h2\"><strong><span style=\"font-family: Arial; font-size: x-large;\">International Services<\/span><\/strong><\/h2>\n<p><span style=\"font-family: Arial; font-weight: normal; font-size: medium;\">We provide a full range of notarial certification and notarization services for international clients, including obtaining an Apostille according to The Hague Convention.<\/span><\/p>\n<p>[\/et_pb_text][et_pb_button button_url=&#8220;@ET-DC@eyJkeW5hbWljIjp0cnVlLCJjb250ZW50IjoicG9zdF9saW5rX3VybF9wYWdlIiwic2V0dGluZ3MiOnsicG9zdF9pZCI6IjE0In19@&#8220; button_text=&#8220;Learn more&#8220; button_alignment=&#8220;left&#8220; _builder_version=&#8220;4.27.5&#8243; _dynamic_attributes=&#8220;button_url&#8220; _module_preset=&#8220;default&#8220; custom_button=&#8220;on&#8220; button_text_size=&#8220;20px&#8220; button_text_color=&#8220;#FFFFFF&#8220; button_bg_color=&#8220;#476a88&#8243; button_border_color=&#8220;RGBA(255,255,255,0)&#8220; button_font=&#8220;Arial||||||||&#8220; button_use_icon=&#8220;off&#8220; global_colors_info=&#8220;{}&#8220;][\/et_pb_button][\/et_pb_column][\/et_pb_row][\/et_pb_section]<\/p>\n","protected":false},"excerpt":{"rendered":"<p>Ihre Notare in\u00a0SolingenUlbrich &amp; Pogorzelski, LL.M. (Harvard)\u00a0 \u00a0 \u00a0 \u00a0 Immobilien\u00a0 \u00a0 \u00a0 \u00a0 Erbrecht\u00a0 \u00a0 \u00a0 \u00a0 Familienrecht\u00a0 \u00a0 \u00a0 \u00a0 Gesellschaftsrecht \u201eDer Notar soll den Willen der Beteiligten erforschen, den Sachverhalt kl\u00e4ren, die Beteiligten \u00fcber die rechtliche Tragweite des Gesch\u00e4fts belehren und ihre Erkl\u00e4rungen klar und unzweideutig in der Niederschrift wiedergeben. Dabei soll [&hellip;]<\/p>\n","protected":false},"author":1,"featured_media":0,"parent":0,"menu_order":0,"comment_status":"closed","ping_status":"closed","template":"","meta":{"_et_pb_use_builder":"on","_et_pb_old_content":"<!-- wp:image {\"id\":35,\"sizeSlug\":\"large\",\"linkDestination\":\"none\"} -->\n<figure class=\"wp-block-image size-large\"><img src=\"https:\/\/great-liskov.89-22-114-40.plesk.page\/wp-content\/uploads\/2026\/01\/hero-bg-1024x240.jpg\" alt=\"\" class=\"wp-image-35\"\/><\/figure>\n<!-- \/wp:image -->\n\n<!-- wp:heading {\"textAlign\":\"center\",\"level\":1} -->\n<h1 class=\"wp-block-heading has-text-align-center\"><strong>Ihre Notare in Solingen<\/strong><\/h1>\n<!-- \/wp:heading -->\n\n<!-- wp:paragraph {\"align\":\"center\"} -->\n<p class=\"has-text-align-center\">Ulbrich &amp; Pogorzelski, LL.M. (Harvard)<\/p>\n<!-- \/wp:paragraph -->","_et_gb_content_width":"","footnotes":""},"class_list":["post-9","page","type-page","status-publish","hentry"],"_links":{"self":[{"href":"https:\/\/great-liskov.89-22-114-40.plesk.page\/index.php\/wp-json\/wp\/v2\/pages\/9","targetHints":{"allow":["GET"]}}],"collection":[{"href":"https:\/\/great-liskov.89-22-114-40.plesk.page\/index.php\/wp-json\/wp\/v2\/pages"}],"about":[{"href":"https:\/\/great-liskov.89-22-114-40.plesk.page\/index.php\/wp-json\/wp\/v2\/types\/page"}],"author":[{"embeddable":true,"href":"https:\/\/great-liskov.89-22-114-40.plesk.page\/index.php\/wp-json\/wp\/v2\/users\/1"}],"replies":[{"embeddable":true,"href":"https:\/\/great-liskov.89-22-114-40.plesk.page\/index.php\/wp-json\/wp\/v2\/comments?post=9"}],"version-history":[{"count":21,"href":"https:\/\/great-liskov.89-22-114-40.plesk.page\/index.php\/wp-json\/wp\/v2\/pages\/9\/revisions"}],"predecessor-version":[{"id":300,"href":"https:\/\/great-liskov.89-22-114-40.plesk.page\/index.php\/wp-json\/wp\/v2\/pages\/9\/revisions\/300"}],"wp:attachment":[{"href":"https:\/\/great-liskov.89-22-114-40.plesk.page\/index.php\/wp-json\/wp\/v2\/media?parent=9"}],"curies":[{"name":"wp","href":"https:\/\/api.w.org\/{rel}","templated":true}]}}